{"id":5410,"date":"2022-09-09T06:24:56","date_gmt":"2022-09-09T06:24:56","guid":{"rendered":"https:\/\/bocksrun.fi\/?page_id=5410"},"modified":"2022-09-09T15:42:45","modified_gmt":"2022-09-09T15:42:45","slug":"evenemangsomrade","status":"publish","type":"page","link":"https:\/\/bocksrun.fi\/?page_id=5410&lang=sv","title":{"rendered":"Evenemangsomr\u00e5de"},"content":{"rendered":"\t\t<div data-elementor-type=\"wp-page\" data-elementor-id=\"5410\" class=\"elementor elementor-5410\">\n\t\t\t\t\t\t<section class=\"elementor-section elementor-top-section elementor-element elementor-element-999c108 elementor-section-boxed elementor-section-height-default elementor-section-height-default\" data-id=\"999c108\" data-element_type=\"section\">\n\t\t\t\t\t\t<div class=\"elementor-container elementor-column-gap-extended\">\n\t\t\t\t\t<div class=\"elementor-column elementor-col-100 elementor-top-column elementor-element elementor-element-a3a9ac6 sc_layouts_column_icons_position_left\" data-id=\"a3a9ac6\" data-element_type=\"column\">\n\t\t\t<div class=\"elementor-widget-wrap elementor-element-populated\">\n\t\t\t\t\t\t<div class=\"elementor-element elementor-element-3b2a03e elementor-widget elementor-widget-trx_sc_title\" data-id=\"3b2a03e\" data-element_type=\"widget\" data-widget_type=\"trx_sc_title.default\">\n\t\t\t\t<div class=\"elementor-widget-container\">\n\t\t\t<div id=\"trx_sc_title_1709406468\"\n\t\tclass=\"sc_title color_style_default sc_title_decor\">\t<div class=\"sc_title_decor_item  sc_align_none\">\n\t\t<div class=\"sc_title_decor_container\">\n\t<h2 class=\"sc_item_title sc_title_title sc_align_none sc_item_title_style_decor\">evenemangs<\/h2><h6 class=\"sc_item_subtitle sc_title_subtitle sc_align_none sc_item_title_style_decor\">omr\u00e5de<\/h6>\t<\/div><\/div>\n\t<\/div><!-- \/.sc_title -->\t\t<\/div>\n\t\t\t\t<\/div>\n\t\t\t\t<div class=\"elementor-element elementor-element-3a495a0 elementor-widget elementor-widget-spacer\" data-id=\"3a495a0\" data-element_type=\"widget\" data-widget_type=\"spacer.default\">\n\t\t\t\t<div class=\"elementor-widget-container\">\n\t\t\t\t\t<div class=\"elementor-spacer\">\n\t\t\t<div class=\"elementor-spacer-inner\"><\/div>\n\t\t<\/div>\n\t\t\t\t<\/div>\n\t\t\t\t<\/div>\n\t\t\t\t\t<\/div>\n\t\t<\/div>\n\t\t\t\t\t<\/div>\n\t\t<\/section>\n\t\t\t\t<section class=\"elementor-section elementor-top-section elementor-element elementor-element-e525928 elementor-section-boxed elementor-section-height-default elementor-section-height-default\" data-id=\"e525928\" data-element_type=\"section\">\n\t\t\t\t\t\t<div class=\"elementor-container elementor-column-gap-extended\">\n\t\t\t\t\t<div class=\"elementor-column elementor-col-100 elementor-top-column elementor-element elementor-element-aec2e6c sc_layouts_column_icons_position_left\" data-id=\"aec2e6c\" data-element_type=\"column\">\n\t\t\t<div class=\"elementor-widget-wrap elementor-element-populated\">\n\t\t\t\t\t\t<div class=\"elementor-element elementor-element-dc30332 elementor-widget elementor-widget-text-editor\" data-id=\"dc30332\" data-element_type=\"widget\" data-widget_type=\"text-editor.default\">\n\t\t\t\t<div class=\"elementor-widget-container\">\n\t\t\t\t\t\t\t<p><strong>Bock\u2019s Corner Village<br \/><\/strong>V\u00e4lkommen till den st\u00e4mningsfulla milj\u00f6n p\u00e5 Bock\u2019s Corner Village! V\u00e5rt omr\u00e5de bjuder p\u00e5 m\u00e5nga upplevelser \u00e5t hela familjen!<br \/><br \/><strong>Bock\u2019s Corner Brewery Bryggerirestaurang<br \/><\/strong>V\u00e5r restaurang erbjuder Bock\u2019s bryggeriprodukter samt matr\u00e4tter tillredda med lokala r\u00e5varor.<\/p><p><strong>Bock\u2019s Shop<br \/><\/strong>I butiken ovanf\u00f6r restaurangen finns ett brett utbud av matr\u00e5varor, hantverk och g\u00e5vor tillverkade av lokala producenter och sm\u00e5f\u00f6retagare. I sortimentet finns Bock\u2019s hela \u00f6lurval inklusive specialdrycker och prisbel\u00f6nta \u00f6l, samt v\u00e5rt f\u00e4rskrostade kaffe.<\/p><p><strong>Rally &amp; Hugo<br \/><\/strong>V\u00e4lkommen att bekanta er med v\u00e5ra \u00e4lskade bockar Rally och Hugo! De blir v\u00e4ldigt glada att bli omklappade eller f\u00e5 en bit gr\u00f6nsak eller torkat br\u00f6d!<\/p><p><strong>Bock\u2019s st\u00e4mningsfulla Old Square<br \/><\/strong>Centrum f\u00f6r Bock\u2019s Run \u00e4r v\u00e5rt st\u00e4mningsfulla evenemangstorg Old Square p\u00e5 Bock\u2019s bakg\u00e5rd. D\u00e4r finns ocks\u00e5 ett mysigt omr\u00e5de med en traditionell bastu och grillk\u00e5ta. V\u00e4lkommen!<\/p><p><strong>Lekpark<br \/><\/strong>I samband med Old Square finns en lekpark \u00e5t familjens minsta \u2013 v\u00e4lkommen att leka h\u00e4r!<\/p><p><strong>WIC &amp; muralen<br \/><\/strong>V\u00e4lkommen att bekanta er med v\u00e5r nya mural som pryder Wasa Innovation Centers s\u00f6dra fasad. Muralen \u00e4r skapad av galleri Black Box Genesis.<\/p>\t\t\t\t\t\t<\/div>\n\t\t\t\t<\/div>\n\t\t\t\t\t<\/div>\n\t\t<\/div>\n\t\t\t\t\t<\/div>\n\t\t<\/section>\n\t\t\t\t<section class=\"elementor-section elementor-top-section elementor-element elementor-element-ac37b7d elementor-section-boxed elementor-section-height-default elementor-section-height-default\" data-id=\"ac37b7d\" data-element_type=\"section\">\n\t\t\t\t\t\t<div class=\"elementor-container elementor-column-gap-extended\">\n\t\t\t\t\t<div class=\"elementor-column elementor-col-100 elementor-top-column elementor-element elementor-element-ebc9816 sc_layouts_column_icons_position_left\" data-id=\"ebc9816\" data-element_type=\"column\">\n\t\t\t<div class=\"elementor-widget-wrap elementor-element-populated\">\n\t\t\t\t\t\t<div class=\"elementor-element elementor-element-e756a94 elementor-widget elementor-widget-spacer\" data-id=\"e756a94\" data-element_type=\"widget\" data-widget_type=\"spacer.default\">\n\t\t\t\t<div class=\"elementor-widget-container\">\n\t\t\t\t\t<div class=\"elementor-spacer\">\n\t\t\t<div class=\"elementor-spacer-inner\"><\/div>\n\t\t<\/div>\n\t\t\t\t<\/div>\n\t\t\t\t<\/div>\n\t\t\t\t\t<\/div>\n\t\t<\/div>\n\t\t\t\t\t<\/div>\n\t\t<\/section>\n\t\t\t\t<section class=\"elementor-section elementor-top-section elementor-element elementor-element-ad843ad elementor-section-boxed elementor-section-height-default elementor-section-height-default\" data-id=\"ad843ad\" data-element_type=\"section\">\n\t\t\t\t\t\t<div class=\"elementor-container elementor-column-gap-extended\">\n\t\t\t\t\t<div class=\"elementor-column elementor-col-100 elementor-top-column elementor-element elementor-element-ee08dfe sc_layouts_column_icons_position_left\" data-id=\"ee08dfe\" data-element_type=\"column\">\n\t\t\t<div class=\"elementor-widget-wrap elementor-element-populated\">\n\t\t\t\t\t\t<div class=\"elementor-element elementor-element-fbc0d37 elementor-widget elementor-widget-trx_widget_slider\" data-id=\"fbc0d37\" data-element_type=\"widget\" data-widget_type=\"trx_widget_slider.default\">\n\t\t\t\t<div class=\"elementor-widget-container\">\n\t\t\t<div id=\"trx_widget_slider_1768842178\" class=\"widget_area sc_widget_slider\"><aside id=\"trx_widget_slider_1768842178_widget\" class=\"widget widget_slider\">\t\t\t<div class=\"slider_wrap slider_engine_swiper\">\n\t\t\t\t<div id=\"trx_widget_slider_1768842178_outer\" class=\"slider_outer slider_swiper_outer slider_style_default slider_outer_direction_horizontal slider_outer_one slider_outer_pagination slider_outer_pagination_bullets slider_outer_pagination_pos_bottom slider_outer_nocontrols slider_outer_titles_center\"><div id=\"trx_widget_slider_1768842178_swiper\" class=\"slider_container slider_swiper swiper-slider-container slider_nocontrols slider_titles_center slider_noresize slider_   slider_height_fixed slider_direction_horizontal slider_pagination slider_pagination_bullets slider_pagination_pos_bottom slider_one slider_type_bg\" data-ratio=\"9:16\" data-interval=\"4000\" data-effect=\"slide\" data-pagination=\"bullets\" data-direction=\"horizontal\" data-slides-per-view=\"1\" data-slides-space=\"0\" data-slides-min-width=\"250\" style=\"height:667px;\"><div class=\"slider_border_left\"><svg version=\"1.1\" xmlns=\"http:\/\/www.w3.org\/2000\/svg\" xmlns:xlink=\"http:\/\/www.w3.org\/1999\/xlink\" x=\"0px\" y=\"0px\" viewBox=\"0 0 70 350\" xml:space=\"preserve\"><path class=\"\" d=\"M0,0h70L0,350l0,0V0z\"\/><\/svg><\/div><div class=\"slider_border_right\"><svg version=\"1.1\" xmlns=\"http:\/\/www.w3.org\/2000\/svg\" xmlns:xlink=\"http:\/\/www.w3.org\/1999\/xlink\" x=\"0px\" y=\"0px\" viewBox=\"0 0 70 350\" xml:space=\"preserve\"><path class=\"\" d=\"M70,350H0L70,0l0,0V350z\"\/><\/svg><\/div><div class=\"slider-wrapper swiper-wrapper\"><div  class=\"slider-slide swiper-slide\" data-image=\"\/\/bocksrun.fi\/wp-content\/uploads\/2022\/09\/IMG_3192_1.jpg\" style=\"background-image:url(\/\/bocksrun.fi\/wp-content\/uploads\/2022\/09\/IMG_3192_1.jpg);\"><\/div><div  class=\"slider-slide swiper-slide\" data-image=\"\/\/bocksrun.fi\/wp-content\/uploads\/2022\/09\/IMG_3192_.jpg\" style=\"background-image:url(\/\/bocksrun.fi\/wp-content\/uploads\/2022\/09\/IMG_3192_.jpg);\"><\/div><div  class=\"slider-slide swiper-slide\" data-image=\"\/\/bocksrun.fi\/wp-content\/uploads\/2022\/09\/IMG_3218.jpg\" style=\"background-image:url(\/\/bocksrun.fi\/wp-content\/uploads\/2022\/09\/IMG_3218.jpg);\"><\/div><div  class=\"slider-slide swiper-slide\" data-image=\"\/\/bocksrun.fi\/wp-content\/uploads\/2022\/09\/IMG_3195.jpg\" style=\"background-image:url(\/\/bocksrun.fi\/wp-content\/uploads\/2022\/09\/IMG_3195.jpg);\"><\/div><div  class=\"slider-slide swiper-slide\" data-image=\"\/\/bocksrun.fi\/wp-content\/uploads\/2022\/09\/IMG_3192.jpg\" style=\"background-image:url(\/\/bocksrun.fi\/wp-content\/uploads\/2022\/09\/IMG_3192.jpg);\"><\/div><div  class=\"slider-slide swiper-slide\" data-image=\"\/\/bocksrun.fi\/wp-content\/uploads\/2022\/09\/IMG_3189.jpg\" style=\"background-image:url(\/\/bocksrun.fi\/wp-content\/uploads\/2022\/09\/IMG_3189.jpg);\"><\/div><div  class=\"slider-slide swiper-slide\" data-image=\"\/\/bocksrun.fi\/wp-content\/uploads\/2022\/09\/kauppa30.jpg\" style=\"background-image:url(\/\/bocksrun.fi\/wp-content\/uploads\/2022\/09\/kauppa30.jpg);\"><\/div><div  class=\"slider-slide swiper-slide\" data-image=\"\/\/bocksrun.fi\/wp-content\/uploads\/2022\/09\/kauppa20.jpg\" style=\"background-image:url(\/\/bocksrun.fi\/wp-content\/uploads\/2022\/09\/kauppa20.jpg);\"><\/div><div  class=\"slider-slide swiper-slide\" data-image=\"\/\/bocksrun.fi\/wp-content\/uploads\/2022\/09\/kauppa10.jpg\" style=\"background-image:url(\/\/bocksrun.fi\/wp-content\/uploads\/2022\/09\/kauppa10.jpg);\"><\/div><\/div><!-- \/.slider-wrapper --><div class=\"slider_pagination_wrap swiper-pagination\"><\/div><\/div><!-- \/.slider_container --><\/div><!-- \/.slider_outer -->\t\t\t<\/div>\n\t\t\t<\/aside><\/div>\t\t<\/div>\n\t\t\t\t<\/div>\n\t\t\t\t\t<\/div>\n\t\t<\/div>\n\t\t\t\t\t<\/div>\n\t\t<\/section>\n\t\t\t\t<\/div>\n\t\t","protected":false},"excerpt":{"rendered":"<p>evenemangs omr\u00e5de Bock\u2019s Corner VillageV\u00e4lkommen till den st\u00e4mningsfulla milj\u00f6n p\u00e5 Bock\u2019s Corner Village! V\u00e5rt omr\u00e5de bjuder p\u00e5 m\u00e5nga upplevelser \u00e5t hela familjen! Bock\u2019s Corner Brewery BryggerirestaurangV\u00e5r restaurang erbjuder Bock\u2019s bryggeriprodukter samt matr\u00e4tter tillredda med lokala r\u00e5varor. Bock\u2019s ShopI butiken ovanf\u00f6r restaurangen finns ett brett utbud av matr\u00e5varor, hantverk och g\u00e5vor tillverkade av&hellip;<\/p>\n","protected":false},"author":1,"featured_media":0,"parent":0,"menu_order":0,"comment_status":"closed","ping_status":"closed","template":"","meta":{"footnotes":""},"class_list":["post-5410","page","type-page","status-publish","hentry"],"_links":{"self":[{"href":"https:\/\/bocksrun.fi\/index.php?rest_route=\/wp\/v2\/pages\/5410","targetHints":{"allow":["GET"]}}],"collection":[{"href":"https:\/\/bocksrun.fi\/index.php?rest_route=\/wp\/v2\/pages"}],"about":[{"href":"https:\/\/bocksrun.fi\/index.php?rest_route=\/wp\/v2\/types\/page"}],"author":[{"embeddable":true,"href":"https:\/\/bocksrun.fi\/index.php?rest_route=\/wp\/v2\/users\/1"}],"replies":[{"embeddable":true,"href":"https:\/\/bocksrun.fi\/index.php?rest_route=%2Fwp%2Fv2%2Fcomments&post=5410"}],"version-history":[{"count":31,"href":"https:\/\/bocksrun.fi\/index.php?rest_route=\/wp\/v2\/pages\/5410\/revisions"}],"predecessor-version":[{"id":5509,"href":"https:\/\/bocksrun.fi\/index.php?rest_route=\/wp\/v2\/pages\/5410\/revisions\/5509"}],"wp:attachment":[{"href":"https:\/\/bocksrun.fi\/index.php?rest_route=%2Fwp%2Fv2%2Fmedia&parent=5410"}],"curies":[{"name":"wp","href":"https:\/\/api.w.org\/{rel}","templated":true}]}}