{"id":5417,"date":"2022-09-09T06:36:43","date_gmt":"2022-09-09T06:36:43","guid":{"rendered":"https:\/\/bocksrun.fi\/?page_id=5417"},"modified":"2023-03-09T12:56:48","modified_gmt":"2023-03-09T12:56:48","slug":"oheisohjelma","status":"publish","type":"page","link":"https:\/\/bocksrun.fi\/?page_id=5417","title":{"rendered":"Oheisohjelma"},"content":{"rendered":"\t\t<div data-elementor-type=\"wp-page\" data-elementor-id=\"5417\" class=\"elementor elementor-5417\">\n\t\t\t\t\t\t<section class=\"elementor-section elementor-top-section elementor-element elementor-element-9af6a92 elementor-section-boxed elementor-section-height-default elementor-section-height-default\" data-id=\"9af6a92\" data-element_type=\"section\">\n\t\t\t\t\t\t<div class=\"elementor-container elementor-column-gap-extended\">\n\t\t\t\t\t<div class=\"elementor-column elementor-col-100 elementor-top-column elementor-element elementor-element-5d52c56 sc_layouts_column_icons_position_left\" data-id=\"5d52c56\" data-element_type=\"column\">\n\t\t\t<div class=\"elementor-widget-wrap elementor-element-populated\">\n\t\t\t\t\t\t<div class=\"elementor-element elementor-element-bb8d73f elementor-widget elementor-widget-trx_sc_title\" data-id=\"bb8d73f\" data-element_type=\"widget\" data-widget_type=\"trx_sc_title.default\">\n\t\t\t\t<div class=\"elementor-widget-container\">\n\t\t\t<div id=\"trx_sc_title_1195292432\"\n\t\tclass=\"sc_title color_style_default sc_title_decor\">\t<div class=\"sc_title_decor_item  sc_align_none\">\n\t\t<div class=\"sc_title_decor_container\">\n\t<h2 class=\"sc_item_title sc_title_title sc_align_none sc_item_title_style_decor\">Oheis<\/h2><h6 class=\"sc_item_subtitle sc_title_subtitle sc_align_none sc_item_title_style_decor\">ohjelma<\/h6>\t<\/div><\/div>\n\t<\/div><!-- \/.sc_title -->\t\t<\/div>\n\t\t\t\t<\/div>\n\t\t\t\t<div class=\"elementor-element elementor-element-a126ac8 elementor-widget elementor-widget-spacer\" data-id=\"a126ac8\" data-element_type=\"widget\" data-widget_type=\"spacer.default\">\n\t\t\t\t<div class=\"elementor-widget-container\">\n\t\t\t\t\t<div class=\"elementor-spacer\">\n\t\t\t<div class=\"elementor-spacer-inner\"><\/div>\n\t\t<\/div>\n\t\t\t\t<\/div>\n\t\t\t\t<\/div>\n\t\t\t\t\t<\/div>\n\t\t<\/div>\n\t\t\t\t\t<\/div>\n\t\t<\/section>\n\t\t\t\t<section class=\"elementor-section elementor-top-section elementor-element elementor-element-7dc13b6 elementor-section-boxed elementor-section-height-default elementor-section-height-default\" data-id=\"7dc13b6\" data-element_type=\"section\">\n\t\t\t\t\t\t<div class=\"elementor-container elementor-column-gap-extended\">\n\t\t\t\t\t<div class=\"elementor-column elementor-col-100 elementor-top-column elementor-element elementor-element-579b70b sc_layouts_column_icons_position_left\" data-id=\"579b70b\" data-element_type=\"column\">\n\t\t\t<div class=\"elementor-widget-wrap elementor-element-populated\">\n\t\t\t\t\t\t<div class=\"elementor-element elementor-element-fa7dcda elementor-widget elementor-widget-text-editor\" data-id=\"fa7dcda\" data-element_type=\"widget\" data-widget_type=\"text-editor.default\">\n\t\t\t\t<div class=\"elementor-widget-container\">\n\t\t\t\t\t\t\t<p>Bock\u2019s Runin oheisohjelmasta l\u00f6yd\u00e4tte laajan kirjon eri aktiviteettej\u00e4! Tervetuloa tutustumaan ja viihtym\u00e4\u00e4n!<\/p>\n<p><font color=\"#1e1e1e\"><b>Tarkempi ohjelma julkaistaan l\u00e4hiaikoina.<\/b><\/font><\/p>\t\t\t\t\t\t<\/div>\n\t\t\t\t<\/div>\n\t\t\t\t\t<\/div>\n\t\t<\/div>\n\t\t\t\t\t<\/div>\n\t\t<\/section>\n\t\t\t\t<\/div>\n\t\t","protected":false},"excerpt":{"rendered":"<p>Oheis ohjelma Bock\u2019s Runin oheisohjelmasta l\u00f6yd\u00e4tte laajan kirjon eri aktiviteettej\u00e4! Tervetuloa tutustumaan ja viihtym\u00e4\u00e4n! Tarkempi ohjelma julkaistaan l\u00e4hiaikoina.<\/p>\n","protected":false},"author":1,"featured_media":0,"parent":0,"menu_order":0,"comment_status":"closed","ping_status":"closed","template":"","meta":{"footnotes":""},"class_list":["post-5417","page","type-page","status-publish","hentry"],"_links":{"self":[{"href":"https:\/\/bocksrun.fi\/index.php?rest_route=\/wp\/v2\/pages\/5417","targetHints":{"allow":["GET"]}}],"collection":[{"href":"https:\/\/bocksrun.fi\/index.php?rest_route=\/wp\/v2\/pages"}],"about":[{"href":"https:\/\/bocksrun.fi\/index.php?rest_route=\/wp\/v2\/types\/page"}],"author":[{"embeddable":true,"href":"https:\/\/bocksrun.fi\/index.php?rest_route=\/wp\/v2\/users\/1"}],"replies":[{"embeddable":true,"href":"https:\/\/bocksrun.fi\/index.php?rest_route=%2Fwp%2Fv2%2Fcomments&post=5417"}],"version-history":[{"count":25,"href":"https:\/\/bocksrun.fi\/index.php?rest_route=\/wp\/v2\/pages\/5417\/revisions"}],"predecessor-version":[{"id":5560,"href":"https:\/\/bocksrun.fi\/index.php?rest_route=\/wp\/v2\/pages\/5417\/revisions\/5560"}],"wp:attachment":[{"href":"https:\/\/bocksrun.fi\/index.php?rest_route=%2Fwp%2Fv2%2Fmedia&parent=5417"}],"curies":[{"name":"wp","href":"https:\/\/api.w.org\/{rel}","templated":true}]}}